{"id":99,"date":"2018-07-24T16:34:55","date_gmt":"2018-07-24T13:34:55","guid":{"rendered":"https:\/\/echipadefresca.ro\/blog\/?page_id=99"},"modified":"2026-03-31T21:51:01","modified_gmt":"2026-03-31T18:51:01","slug":"presa","status":"publish","type":"page","link":"https:\/\/echipadefresca.ro\/blog\/presa\/","title":{"rendered":"Pres\u0103"},"content":{"rendered":"\n<h3 class=\"wp-block-heading\">Icoana Tuturor Sfin\u021bilor, pe fa\u021bada Bisericii \u201eSf\u00e2ntul \u0218tefan cel Mare\u201d din Viena<\/h3>\n\n\n\n<p class=\"intro-content\">Data: 02.11.2025<\/p>\n\n\n\n<figure class=\"wp-block-embed-youtube wp-block-embed is-type-video is-provider-youtube wp-embed-aspect-16-9 wp-has-aspect-ratio\"><div class=\"wp-block-embed__wrapper\">\n<iframe loading=\"lazy\" title=\"Icoana Tuturor Sfin\u021bilor, pe fa\u021bada Bisericii \u201eSf\u00e2ntul \u0218tefan cel Mare\u201d din Viena\" width=\"640\" height=\"360\" src=\"https:\/\/www.youtube.com\/embed\/h8JNeZSdUXc?feature=oembed\" frameborder=\"0\" allow=\"accelerometer; autoplay; clipboard-write; encrypted-media; gyroscope; picture-in-picture; web-share\" referrerpolicy=\"strict-origin-when-cross-origin\" allowfullscreen><\/iframe>\n<\/div><\/figure>\n\n\n\n<h3 class=\"wp-block-heading\">Continu\u0103 lucr\u0103rile de pictur\u0103 la Biserica \u201eSf\u00e2ntul \u0218tefan cel Mare\u201d din Viena<\/h3>\n\n\n\n<p>Data: 18.03.2024<\/p>\n\n\n\n<figure class=\"wp-block-embed-youtube wp-block-embed is-type-video is-provider-youtube wp-embed-aspect-16-9 wp-has-aspect-ratio\"><div class=\"wp-block-embed__wrapper\">\n<iframe loading=\"lazy\" title=\"Continu\u0103 lucr\u0103rile de pictur\u0103 la Biserica \u201eSf\u00e2ntul \u0218tefan cel Mare\u201d din Viena\" width=\"640\" height=\"360\" src=\"https:\/\/www.youtube.com\/embed\/sOpUbQrhMn8?feature=oembed\" frameborder=\"0\" allow=\"accelerometer; autoplay; clipboard-write; encrypted-media; gyroscope; picture-in-picture; web-share\" referrerpolicy=\"strict-origin-when-cross-origin\" allowfullscreen><\/iframe>\n<\/div><\/figure>\n\n\n\n<h3 class=\"entry-title wp-block-heading\">Patriarhul Rom\u00e2niei: Icoana este o vedere a slavei \u00cemp\u0103r\u0103\u021biei Cerurilor<\/h3>\n\n\n\n<p>Data: 09.05.2019<\/p>\n\n\n\n<figure class=\"wp-block-image\"><a href=\"https:\/\/www.trinitas.tv\/patriarhul-romaniei-icoana-este-o-vedere-a-slavei-imparatiei-cerurilor\/\"><img loading=\"lazy\" decoding=\"async\" width=\"753\" height=\"426\" src=\"https:\/\/echipadefresca.ro\/blog\/wp-content\/uploads\/2019\/05\/Patriarhul-Rom\u00e2niei-Icoana-este-o-vedere-a-slavei-\u00cemp\u0103r\u0103\u021biei-Cerurilor.png\" alt=\"\" class=\"wp-image-174\" srcset=\"https:\/\/echipadefresca.ro\/blog\/wp-content\/uploads\/2019\/05\/Patriarhul-Rom\u00e2niei-Icoana-este-o-vedere-a-slavei-\u00cemp\u0103r\u0103\u021biei-Cerurilor.png 753w, https:\/\/echipadefresca.ro\/blog\/wp-content\/uploads\/2019\/05\/Patriarhul-Rom\u00e2niei-Icoana-este-o-vedere-a-slavei-\u00cemp\u0103r\u0103\u021biei-Cerurilor-300x170.png 300w\" sizes=\"auto, (max-width: 753px) 100vw, 753px\" \/><\/a><\/figure>\n\n\n\n<h3 class=\"wp-block-heading\">&nbsp;<\/h3>\n\n\n\n<h3 class=\"wp-block-heading\">ANASTASIS sau despre re\u00eenvierea icoanei bizantine<\/h3>\n\n\n\n<p>Data: 10.05.2019<\/p>\n\n\n\n<h3 class=\"wp-block-heading\"><a href=\"https:\/\/ziarullumina.ro\/fara-categorie\/reportaj\/anastasis-sau-despre-reinvierea-icoanei-bizantine-133338.html\"><img loading=\"lazy\" decoding=\"async\" class=\"alignnone wp-image-169 size-large\" src=\"https:\/\/echipadefresca.ro\/blog\/wp-content\/uploads\/2019\/05\/anastasis-sau-despre-reinvierea-icoanei-bizantine-18768-1024x683.jpg\" alt=\"\" width=\"640\" height=\"427\" srcset=\"https:\/\/echipadefresca.ro\/blog\/wp-content\/uploads\/2019\/05\/anastasis-sau-despre-reinvierea-icoanei-bizantine-18768-1024x683.jpg 1024w, https:\/\/echipadefresca.ro\/blog\/wp-content\/uploads\/2019\/05\/anastasis-sau-despre-reinvierea-icoanei-bizantine-18768-300x200.jpg 300w, https:\/\/echipadefresca.ro\/blog\/wp-content\/uploads\/2019\/05\/anastasis-sau-despre-reinvierea-icoanei-bizantine-18768-768x512.jpg 768w, https:\/\/echipadefresca.ro\/blog\/wp-content\/uploads\/2019\/05\/anastasis-sau-despre-reinvierea-icoanei-bizantine-18768.jpg 1200w\" sizes=\"auto, (max-width: 640px) 100vw, 640px\" \/><\/a><\/h3>\n\n\n\n<h3 class=\"wp-block-heading\">&nbsp;<\/h3>\n\n\n\n<h3 class=\"title style-scope ytd-video-primary-info-renderer wp-block-heading\">Voca\u021bia de a fi pictor bisericesc. Pictura bisericeasc\u0103 contemporan\u0103 din Rom\u00e2nia (Trinitas TV)<\/h3>\n\n\n\n<p>Data: 04.10.2017<\/p>\n\n\n\n<figure class=\"wp-block-embed-youtube wp-block-embed is-type-video is-provider-youtube wp-embed-aspect-16-9 wp-has-aspect-ratio\"><div class=\"wp-block-embed__wrapper\">\n<iframe loading=\"lazy\" title=\"Voca\u021bia de a fi pictor bisericesc\" width=\"640\" height=\"360\" src=\"https:\/\/www.youtube.com\/embed\/czqtqrtSCUQ?feature=oembed\" frameborder=\"0\" allow=\"accelerometer; autoplay; clipboard-write; encrypted-media; gyroscope; picture-in-picture; web-share\" referrerpolicy=\"strict-origin-when-cross-origin\" allowfullscreen><\/iframe>\n<\/div><\/figure>\n\n\n\n<h3 class=\"title style-scope ytd-video-primary-info-renderer wp-block-heading\">Icoana, m\u0103rturie a \u00cemp\u0103r\u0103\u021biei lui Dumnezeu \u00een lume (Ziarul Lumina)<\/h3>\n\n\n\n<p>Data: 25.06.2017<\/p>\n\n\n\n<figure class=\"wp-block-image\"><a href=\"http:\/\/ziarullumina.ro\/icoana-marturie-a-Imparatiei-lui-dumnezeu-in-lume-123818.html\"><img loading=\"lazy\" decoding=\"async\" width=\"1024\" height=\"704\" src=\"https:\/\/echipadefresca.ro\/blog\/wp-content\/uploads\/2019\/05\/icoana-marturie-a-imparatiei-lui-dumnezeu-in-lume-37050-1024x704.jpg\" alt=\"Icoana, m\u0103rturie a \u00cemp\u0103r\u0103\u021biei lui Dumnezeu \u00een lume\" class=\"wp-image-171\" title=\"Icoana, m\u0103rturie a \u00cemp\u0103r\u0103\u021biei lui Dumnezeu \u00een lume\" srcset=\"https:\/\/echipadefresca.ro\/blog\/wp-content\/uploads\/2019\/05\/icoana-marturie-a-imparatiei-lui-dumnezeu-in-lume-37050-1024x704.jpg 1024w, https:\/\/echipadefresca.ro\/blog\/wp-content\/uploads\/2019\/05\/icoana-marturie-a-imparatiei-lui-dumnezeu-in-lume-37050-300x206.jpg 300w, https:\/\/echipadefresca.ro\/blog\/wp-content\/uploads\/2019\/05\/icoana-marturie-a-imparatiei-lui-dumnezeu-in-lume-37050-768x528.jpg 768w, https:\/\/echipadefresca.ro\/blog\/wp-content\/uploads\/2019\/05\/icoana-marturie-a-imparatiei-lui-dumnezeu-in-lume-37050.jpg 1162w\" sizes=\"auto, (max-width: 1024px) 100vw, 1024px\" \/><\/a><\/figure>\n\n\n\n<div>\n<h3 class=\"title style-scope ytd-video-primary-info-renderer\">Zugravi de chipuri sfinte<\/h3>\n<p>Data: 12.11.2017,&nbsp;19.11.2017,&nbsp;26.11.2017<\/p>\n<\/div>\n\n\n\n<p><iframe loading=\"lazy\" src=\"https:\/\/w.soundcloud.com\/player\/?url=https%3A\/\/api.soundcloud.com\/tracks\/355050182&amp;color=%23c1a576&amp;auto_play=false&amp;hide_related=false&amp;show_comments=true&amp;show_user=true&amp;show_reposts=false&amp;show_teaser=true\" width=\"100%\" height=\"166\" frameborder=\"no\" scrolling=\"no\"><\/iframe><br><iframe loading=\"lazy\" src=\"https:\/\/w.soundcloud.com\/player\/?url=https%3A\/\/api.soundcloud.com\/tracks\/359317853&amp;color=%23c1a576&amp;auto_play=false&amp;hide_related=false&amp;show_comments=true&amp;show_user=true&amp;show_reposts=false&amp;show_teaser=true\" width=\"100%\" height=\"166\" frameborder=\"no\" scrolling=\"no\"><\/iframe><br><iframe loading=\"lazy\" src=\"https:\/\/w.soundcloud.com\/player\/?url=https%3A\/\/api.soundcloud.com\/tracks\/362009411&amp;color=%23c1a576&amp;auto_play=false&amp;hide_related=false&amp;show_comments=true&amp;show_user=true&amp;show_reposts=false&amp;show_teaser=true\" width=\"100%\" height=\"166\" frameborder=\"no\" scrolling=\"no\"><\/iframe><\/p>\n","protected":false},"excerpt":{"rendered":"<p>Icoana Tuturor Sfin\u021bilor, pe fa\u021bada Bisericii \u201eSf\u00e2ntul \u0218tefan cel Mare\u201d din Viena Data: 02.11.2025 Continu\u0103 lucr\u0103rile de pictur\u0103 la Biserica \u201eSf\u00e2ntul \u0218tefan cel Mare\u201d din Viena Data: 18.03.2024 Patriarhul Rom\u00e2niei: Icoana este o vedere a slavei \u00cemp\u0103r\u0103\u021biei Cerurilor Data: 09.05.2019 &nbsp; ANASTASIS sau despre re\u00eenvierea icoanei bizantine Data: 10.05.2019 &nbsp; Voca\u021bia de a fi pictor bisericesc. Pictura bisericeasc\u0103 contemporan\u0103 din Rom\u00e2nia (Trinitas TV) Data: 04.10.2017 Icoana, m\u0103rturie a \u00cemp\u0103r\u0103\u021biei lui Dumnezeu \u00een lume (Ziarul Lumina) Data: 25.06.2017 Zugravi de chipuri sfinte Data: 12.11.2017,&nbsp;19.11.2017,&nbsp;26.11.2017 [&#8230;]<\/p>\n<p><a class=\"btn btn-lg btn-secondary understrap-read-more-link\" href=\"https:\/\/echipadefresca.ro\/blog\/presa\/\">Pe larg&#8230;<\/a><\/p>\n","protected":false},"author":2,"featured_media":0,"parent":0,"menu_order":0,"comment_status":"closed","ping_status":"closed","template":"","meta":{"footnotes":""},"class_list":["post-99","page","type-page","status-publish","hentry"],"_links":{"self":[{"href":"https:\/\/echipadefresca.ro\/blog\/wp-json\/wp\/v2\/pages\/99","targetHints":{"allow":["GET"]}}],"collection":[{"href":"https:\/\/echipadefresca.ro\/blog\/wp-json\/wp\/v2\/pages"}],"about":[{"href":"https:\/\/echipadefresca.ro\/blog\/wp-json\/wp\/v2\/types\/page"}],"author":[{"embeddable":true,"href":"https:\/\/echipadefresca.ro\/blog\/wp-json\/wp\/v2\/users\/2"}],"replies":[{"embeddable":true,"href":"https:\/\/echipadefresca.ro\/blog\/wp-json\/wp\/v2\/comments?post=99"}],"version-history":[{"count":17,"href":"https:\/\/echipadefresca.ro\/blog\/wp-json\/wp\/v2\/pages\/99\/revisions"}],"predecessor-version":[{"id":218,"href":"https:\/\/echipadefresca.ro\/blog\/wp-json\/wp\/v2\/pages\/99\/revisions\/218"}],"wp:attachment":[{"href":"https:\/\/echipadefresca.ro\/blog\/wp-json\/wp\/v2\/media?parent=99"}],"curies":[{"name":"wp","href":"https:\/\/api.w.org\/{rel}","templated":true}]}}